{"id":95,"date":"2013-11-24T20:02:51","date_gmt":"2013-11-24T19:02:51","guid":{"rendered":"http:\/\/uscadalen.fr\/?page_id=95"},"modified":"2024-10-07T07:46:47","modified_gmt":"2024-10-07T06:46:47","slug":"infos","status":"publish","type":"page","link":"https:\/\/uscadalen.fr\/?page_id=95","title":{"rendered":"Infos"},"content":{"rendered":"\n<figure class=\"wp-block-table\"><table><tbody><tr><td><span style=\"color: #800000;\"><strong>Pr\u00e9sident<\/strong> : Fr\u00e9deric Barthe<\/span>&nbsp;\n<p>&nbsp;<\/p>\n<p>Chemin de la Crouzille<br>81600&nbsp;CADALEN<\/p>\n<p>Mobile personnel :&nbsp;06.08.66.38.40<\/p>\n<p>E-mail principal :&nbsp;<a href=\"mailto:%22frederic.barthe0027@orange.fr%22\">frederic.barthe0027@orange.fr<\/a><\/p>\n<\/td><td><img decoding=\"async\" src=\"http:\/\/uscadalen.fr\/wp-includes\/images\/portraits\/fredbarthe.jpg\" alt=\"\"><\/td><\/tr><tr><td><span style=\"color: #800000;\"><strong>Tr\u00e9sorier<\/strong> : Molini\u00e9 S\u00e9bastien<\/span>&nbsp; <p>&nbsp;<\/p> <p>BELAYS<br>81600&nbsp;CADALEN<\/p> <p>Mobile personnel :&nbsp;06.86.68.72.80<\/p> <p>E-mail principal :&nbsp;<a href=\"mailto:%22frederic.barthe0027@orange.fr%22\">sebastien.molinie@laposte.net<\/a><\/p><\/td><td><img decoding=\"async\" src=\"http:\/\/uscadalen.fr\/wp-includes\/images\/portraits\/mole.jpg\" alt=\"\"><\/td><\/tr><tr><td><span style=\"color: #800000;\"><strong>Secr\u00e9taire <\/strong>: Ruiz Ortiz Nicolas<\/span>&nbsp;\n<p>&nbsp;<\/p>\n<p>LES LIZES<br>81600&nbsp;CADALEN<\/p>\n<p>Mobile personnel :&nbsp;06.76.07.36.60<\/p>\n<p>E-mail principal :&nbsp;<a href=\"mailto:%22r.nicos@orange.fr%22\">r.nicos@orange.fr<\/a><\/p>\n<\/td><td><img decoding=\"async\" src=\"http:\/\/uscadalen.fr\/wp-includes\/images\/portraits\/nicoruizortiz.jpg\" alt=\"\"><\/td><\/tr><tr><td>__________________________________________________________<\/td><\/tr><tr><td><span style=\"color: #800000;\"><strong>Entraineur&nbsp;S\u00e9niors 1<\/strong> : Eric Lamitte<\/span> <p>&nbsp;<\/p> <p>Mobile Personnel :&nbsp;06.68.89.79.27<\/p> <p>E-mail principal :&nbsp;<a href=\"mailto:%22erlamitte@gmail.com%22\">erlamitte@gmail.com<\/a><\/p><\/td><td><img decoding=\"async\" src=\"http:\/\/uscadalen.fr\/wp-includes\/images\/portraits\/ericlamitte.jpg\" alt=\"\"><\/td><\/tr><tr><td><span style=\"color: #800000;\"><strong>Entraineur S\u00e9niors 2<\/strong> : Anthony Lazerges<\/span> <p>&nbsp;<\/p> <p>Mobile Personnel : 07.50.14.14.49<\/p> <p>E-mail principal : <a href=\"mailto:%22afe.formation.contact@gmail.com%22\">afe.formation.contact@gmail.com<\/a><\/p><br><\/td><td><img decoding=\"async\" src=\"http:\/\/uscadalen.fr\/wp-includes\/images\/portraits\/antholazerges.jpg\" alt=\"\"><\/td><\/tr><tr><td><\/td><td><\/td><\/tr><tr><td>&nbsp;<\/td><td>&nbsp;<\/td><\/tr><tr><td><span style=\"color: #800000;\"><strong>Entraineur&nbsp;F\u00e9minines<\/strong> : Eric Lamitte<\/span> <p>&nbsp;<\/p> <p>Mobile Personnel :&nbsp;06.68.89.79.27<\/p> <p>E-mail principal :&nbsp;<a href=\"mailto:%22erlamitte@gmail.com%22\">erlamitte@gmail.com<\/a><\/p><\/td><td><img decoding=\"async\" src=\"http:\/\/uscadalen.fr\/wp-includes\/images\/portraits\/ericlamitte.jpg\" alt=\"\"><\/td><\/tr><\/tbody><\/table><\/figure>\n","protected":false},"excerpt":{"rendered":"<p>Pr\u00e9sident : Fr\u00e9deric Barthe&nbsp; &nbsp; Chemin de la Crouzille81600&nbsp;CADALEN Mobile personnel :&nbsp;06.08.66.38.40 E-mail principal :&nbsp;frederic.barthe0027@orange.fr Tr\u00e9sorier : Molini\u00e9 S\u00e9bastien&nbsp; &nbsp; BELAYS81600&nbsp;CADALEN Mobile personnel :&nbsp;06.86.68.72.80 E-mail principal :&nbsp;sebastien.molinie@laposte.net Secr\u00e9taire : Ruiz Ortiz Nicolas&nbsp; &nbsp; LES LIZES81600&nbsp;CADALEN Mobile personnel :&nbsp;06.76.07.36.60 E-mail principal &hellip; <a href=\"https:\/\/uscadalen.fr\/?page_id=95\">Lire la suite\u00ad\u00ad<\/a><\/p>\n","protected":false},"author":1,"featured_media":0,"parent":89,"menu_order":0,"comment_status":"open","ping_status":"open","template":"","meta":{"footnotes":""},"class_list":["post-95","page","type-page","status-publish","hentry"],"_links":{"self":[{"href":"https:\/\/uscadalen.fr\/index.php?rest_route=\/wp\/v2\/pages\/95"}],"collection":[{"href":"https:\/\/uscadalen.fr\/index.php?rest_route=\/wp\/v2\/pages"}],"about":[{"href":"https:\/\/uscadalen.fr\/index.php?rest_route=\/wp\/v2\/types\/page"}],"author":[{"embeddable":true,"href":"https:\/\/uscadalen.fr\/index.php?rest_route=\/wp\/v2\/users\/1"}],"replies":[{"embeddable":true,"href":"https:\/\/uscadalen.fr\/index.php?rest_route=%2Fwp%2Fv2%2Fcomments&post=95"}],"version-history":[{"count":34,"href":"https:\/\/uscadalen.fr\/index.php?rest_route=\/wp\/v2\/pages\/95\/revisions"}],"predecessor-version":[{"id":1601,"href":"https:\/\/uscadalen.fr\/index.php?rest_route=\/wp\/v2\/pages\/95\/revisions\/1601"}],"up":[{"embeddable":true,"href":"https:\/\/uscadalen.fr\/index.php?rest_route=\/wp\/v2\/pages\/89"}],"wp:attachment":[{"href":"https:\/\/uscadalen.fr\/index.php?rest_route=%2Fwp%2Fv2%2Fmedia&parent=95"}],"curies":[{"name":"wp","href":"https:\/\/api.w.org\/{rel}","templated":true}]}}