{"id":997,"date":"2017-10-05T14:49:02","date_gmt":"2017-10-05T13:49:02","guid":{"rendered":"http:\/\/uscadalen.fr\/?page_id=997"},"modified":"2022-09-13T08:51:17","modified_gmt":"2022-09-13T07:51:17","slug":"charte-saison-20172018","status":"publish","type":"page","link":"http:\/\/uscadalen.fr\/?page_id=997","title":{"rendered":"Charte &#8211; Saison 2019\/2020"},"content":{"rendered":"<table>\n<tbody>\n<tr>\n<td style=\"text-align: center;\"><img decoding=\"async\" src=\"http:\/\/uscadalen.fr\/wp-includes\/images\/logos\/logocada.png\" alt=\"\" \/><\/td>\n<td style=\"text-align: center;\"><b>Charte de l&rsquo;\u00e9cole de Foot, saison 2022\/2023.<\/b><\/p>\n<p>L\u2019Ecole De Football de L\u2019US CADALEN a pour vocation l\u2019\u00e9veil, l\u2019initiation et la formation au football pour tous les jeunes d\u00e9sireux de d\u00e9couvrir les joies de ce sport.L\u2019\u00e9ducation par le sport fait partie int\u00e9grante du d\u00e9veloppement de l\u2019enfant tant au niveau sportif que social.<\/td>\n<\/tr>\n<\/tbody>\n<\/table>\n<p><b>Nos Objectifs :<\/b><\/p>\n<p>Offrir le meilleur accueil possible aux enfants d\u00e9sirant pratiquer le football<br \/>\nProposer un enseignement et un encadrement de qualit\u00e9<br \/>\nDonner une \u00e9ducation sportive bas\u00e9e sur le respect, la politesse et le fair-play<br \/>\nFormer des enfants en leur permettant d\u2019acqu\u00e9rir un bon bagage technique et tactique ainsi qu\u2019un \u00e9tat d\u2019esprit fond\u00e9 sur la volont\u00e9 de toujours progresser<\/p>\n<p><b>Les Obligations de l\u2019Enfant :<\/b><\/p>\n<p>Respecter les installations, le mat\u00e9riel, l\u2019encadrement (\u00e9ducateurs, dirigeants), les adversaires, les partenaires et les d\u00e9cisions arbitrales<br \/>\nNe jamais chercher \u00e0 enfreindre d\u00e9lib\u00e9r\u00e9ment les r\u00e8glements.<br \/>\nRester ma\u00eetre de soi, refuser la violence physique ou verbale.<br \/>\nGarder sa dignit\u00e9 en toutes circonstances et notamment dans la d\u00e9faite<br \/>\nRefuser de gagner par des moyens ill\u00e9gaux ou par la tricherie<br \/>\nAccepter la victoire avec modestie sans ridiculiser l\u2019adversaire<\/p>\n<p><b>Les Obligations des Parents :<\/b><\/p>\n<p>Respecter les horaires<br \/>\nPr\u00e9venir au moins 48h \u00e0 l\u2019avance en cas d\u2019absence de votre enfant<br \/>\nS\u2019acquitter de la cotisation de la licence. Celle-ci est n\u00e9cessaire pour le fonctionnement du club (inscriptions aux plateaux et aux tournois, renouvellement du mat\u00e9riel\u2026)<br \/>\nVeiller \u00e0 toujours avoir une attitude positive lorsque vous \u00eates au bord du terrain<\/p>\n<p><b>Le Pr\u00e9sident Fr\u00e9d\u00e9ric BARTHE<\/b><\/p>\n","protected":false},"excerpt":{"rendered":"<p>Charte de l&rsquo;\u00e9cole de Foot, saison 2022\/2023. L\u2019Ecole De Football de L\u2019US CADALEN a pour vocation l\u2019\u00e9veil, l\u2019initiation et la formation au football pour tous les jeunes d\u00e9sireux de d\u00e9couvrir les joies de ce sport.L\u2019\u00e9ducation par le sport fait partie &hellip; <a href=\"http:\/\/uscadalen.fr\/?page_id=997\">Lire la suite\u00ad\u00ad<\/a><\/p>\n","protected":false},"author":1,"featured_media":0,"parent":0,"menu_order":0,"comment_status":"closed","ping_status":"closed","template":"","meta":{"footnotes":""},"class_list":["post-997","page","type-page","status-publish","hentry"],"_links":{"self":[{"href":"http:\/\/uscadalen.fr\/index.php?rest_route=\/wp\/v2\/pages\/997"}],"collection":[{"href":"http:\/\/uscadalen.fr\/index.php?rest_route=\/wp\/v2\/pages"}],"about":[{"href":"http:\/\/uscadalen.fr\/index.php?rest_route=\/wp\/v2\/types\/page"}],"author":[{"embeddable":true,"href":"http:\/\/uscadalen.fr\/index.php?rest_route=\/wp\/v2\/users\/1"}],"replies":[{"embeddable":true,"href":"http:\/\/uscadalen.fr\/index.php?rest_route=%2Fwp%2Fv2%2Fcomments&post=997"}],"version-history":[{"count":9,"href":"http:\/\/uscadalen.fr\/index.php?rest_route=\/wp\/v2\/pages\/997\/revisions"}],"predecessor-version":[{"id":1499,"href":"http:\/\/uscadalen.fr\/index.php?rest_route=\/wp\/v2\/pages\/997\/revisions\/1499"}],"wp:attachment":[{"href":"http:\/\/uscadalen.fr\/index.php?rest_route=%2Fwp%2Fv2%2Fmedia&parent=997"}],"curies":[{"name":"wp","href":"https:\/\/api.w.org\/{rel}","templated":true}]}}